{"id":119,"date":"2014-06-28T03:35:47","date_gmt":"2014-06-28T01:35:47","guid":{"rendered":"https:\/\/bodden-haus.de\/?page_id=119"},"modified":"2025-04-30T18:24:31","modified_gmt":"2025-04-30T16:24:31","slug":"umgebung","status":"publish","type":"page","link":"https:\/\/bodden-haus.de\/?page_id=119","title":{"rendered":"Umgebung"},"content":{"rendered":"<p><a href=\"https:\/\/maps.app.goo.gl\/k6gxt98UDbQToGRDA\" target=\"_blank\">Direktlink Google Maps<\/a><br \/>\nDas Ferienhaus liegt in Fuhlendorf, Zum Bootssteg 1, an der <a href=\"http:\/\/www.nationalpark-vorpommersche-boddenlandschaft.de\" target=\"_blank\"> s\u00fcdlichen Boddenk\u00fcste<\/a>, gegen\u00fcber der Halbinsel Fischland \/ Dar\u00df \/ Zingst. Abseits vom Trubel der Seeb\u00e4der sind diese doch schnell erreichbar. Immer direkt am Wasser zu sein und gleichzeitig in gro\u00dfen zusammenh\u00e4ngenden Waldfl\u00e4chen wandern zu k\u00f6nnen, das macht den Reiz der s\u00fcdlichen Boodenk\u00fcste aus. Hier findet man Entspannung und Erholung zu g\u00fcnstigen Preisen. In unmittelbarer N\u00e4he unseres Ferienhauses liegen der Wasserwanderhafen und in ca. 700m Entfernung der Bodstedter Traditionshafen, in denen die Fahrgastschiffe nach Born und Prerow ablegen. Jeweils am ersten Wochenende im September findet die Bodstedter Zeesenbootregatta statt.<\/p>\n<p>Die Gemeinde <a href=\"https:\/\/www.amt-barth.de\/gemeinden\/fuhlendorf\/\" target=\"_blank\">Fuhlendorf \/ Bodstedt<\/a> liegt ca. 50 km \u00f6stlich von Rostock und ca. 35 km westlich von Stralsund. Fuhlendorf zieht sich als Stra\u00dfendorf am Ufer des Boddens entlang und wird von einem gro\u00dfen Waldgebiet begrenzt. Im Ort gibt es mehrere Gastst\u00e4tten, einen Fleischer sowie einen kleinen Lebensmittelladen. Um unser Ferienhaus zu erreichen, durchf\u00e4hrt man den Ort fast ganz, bis links das Hinweisschild den \u201eHafen\u201c anzeigt. Hier biegt man in die Hafenstra\u00dfe (Einbahnstra\u00dfe) ein. Unmittelbar vor dem Bootssteg \u2013 die Hafenstra\u00dfe knickt im rechten Winkel ab \u2013 f\u00e4hrt man links auf das neu erschlossene Ferienhausgrundst\u00fcck \u201eZum Bootssteg\u201c.<\/p>\n<p>\u00dcber die Meiningenbr\u00fccke gelangt man mit dem Auto in 20 Minuten oder \u00fcber ca. 12 km Radwege zum Ostseeheilbad Zingst oder <a href=\"http:\/\/www.ostseebad-prerow.de\/\" target=\"_blank\"> Prerow <\/a> und damit an den wei\u00dfen, unendlich langen Ostseestrand.<\/p>\n<p>Viele interessante Ausflugsziele, wie der romantische Weststrand, der Leuchtturm Dar\u00dfer Ort (bei gutem Wetter sieht man das Leuchtfeuer von unserem Haus aus), das Nationalparkzentrum Dar\u00dfer Arche und der K\u00fcnstlerort Ahrenshop bieten sich hier an.<\/p>\n<p>Auch nach <a href=\"http:\/\/www.stadt-barth.de\" target=\"_blank\">Barth<\/a>, zur n\u00e4chst gelegenen kleinen, aber lebhaften Stadt mit allen Einkaufsm\u00f6glichkeiten sind es nur knapp 10 km. Von hier gibt es weitere Schiffsverbindungen nach Zingst, Hiddensee und R\u00fcgen. Die gesamte Region ist \u00fcber <a href=\"http:\/\/www.mecklenburger-radtour.de\/radurlaub\/ostsee-nordsee\/fischland-darss-zingst.html\" target=\"_blank\">Radwege<\/a> gut erschlossen. Bei der Routenplanung kann der Linienverkehr der Motorschiffe ab und an Fuhlendorf und Bodstedt einbezogen werden. Der Ostsee\u2013Radwanderweg verbindet sogar Rostock \/ Warnem\u00fcnde und Stralsund, entweder \u00fcber den befahrbaren Deich der Halbinselkette Fischland, Dar\u00df und Zingst oder an der s\u00fcdlichen Boddenk\u00fcste entlang.<\/p>\n<p>F\u00fcr alle Wassersportarten bietet der Bodstedter Bodden sowie die gesamte Boddenkette ein hervorragendes Revier. Gastliegepl\u00e4tze und eine Slipm\u00f6glichkeit k\u00f6nnen am Wasserwanderer-Rastplatz in Fuhlendorf in Anspruch genommen werden.<\/p>\n<p>Auch Baden ist im Bodden m\u00f6glich; das etwas tr\u00fcbe, aber w\u00e4rmere Wasser als in der Ostsee wird laufend auf seine Qualit\u00e4t \u00fcberpr\u00fcft. Eine gro\u00dfe Badestelle vorgehalten.<\/p>\n<p>Jede Jahreszeit hat hier ihren Reiz. Der Sommer ist bei mildem Reizklima sonnenreich und regen\u00e4rmer als \u00fcblicherweise in Norddeutschland. Dabei wird es nie unertr\u00e4glich hei\u00df.<\/p>\n<p>Im Fr\u00fchjahr und besonders im Herbst stellt der Kranichzug ein einzigartiges Naturschauspiel in der vorpommerschen Boddenlandschaft dar. Von Mitte September bis Mitte November kann man in der Region bis zu 60.000 V\u00f6gel im Flug und auf ihren Rast- und Sammelpl\u00e4tzen beobachten.<\/p>\n<p>Im Winter ist der zugefrorene Bodden ein besonders Erlebnis mit seinen weiten unber\u00fchrten Eisfl\u00e4che.<\/p>\n<p>Der urspr\u00fcngliche Text stammt von Karen L\u00fcders \u00a9 . Vielen Dank daf\u00fcr!<br \/>\nSie hat auch ein Ferienhaus am Bodden. Hier gehts zum <a href=\"http:\/\/www.haushafenblick.de\">Haus Hafenblick.<\/a><\/p>\n","protected":false},"excerpt":{"rendered":"<p>Direktlink Google Maps Das Ferienhaus liegt in Fuhlendorf, Zum Bootssteg 1, an der s\u00fcdlichen Boddenk\u00fcste, gegen\u00fcber der Halbinsel Fischland \/ Dar\u00df \/ Zingst. Abseits vom Trubel der Seeb\u00e4der sind diese doch schnell erreichbar. Immer direkt am Wasser zu sein und gleichzeitig in gro\u00dfen zusammenh\u00e4ngenden Waldfl\u00e4chen wandern zu k\u00f6nnen, das macht den Reiz der s\u00fcdlichen Boodenk\u00fcste &hellip; <a href=\"https:\/\/bodden-haus.de\/?page_id=119\" class=\"more-link\"><span class=\"screen-reader-text\">Umgebung<\/span> weiterlesen <span class=\"meta-nav\">&rarr;<\/span><\/a><\/p>\n","protected":false},"author":1,"featured_media":0,"parent":0,"menu_order":4,"comment_status":"closed","ping_status":"closed","template":"","meta":{"ngg_post_thumbnail":0,"footnotes":""},"class_list":["post-119","page","type-page","status-publish","hentry"],"_links":{"self":[{"href":"https:\/\/bodden-haus.de\/index.php?rest_route=\/wp\/v2\/pages\/119","targetHints":{"allow":["GET"]}}],"collection":[{"href":"https:\/\/bodden-haus.de\/index.php?rest_route=\/wp\/v2\/pages"}],"about":[{"href":"https:\/\/bodden-haus.de\/index.php?rest_route=\/wp\/v2\/types\/page"}],"author":[{"embeddable":true,"href":"https:\/\/bodden-haus.de\/index.php?rest_route=\/wp\/v2\/users\/1"}],"replies":[{"embeddable":true,"href":"https:\/\/bodden-haus.de\/index.php?rest_route=%2Fwp%2Fv2%2Fcomments&post=119"}],"version-history":[{"count":8,"href":"https:\/\/bodden-haus.de\/index.php?rest_route=\/wp\/v2\/pages\/119\/revisions"}],"predecessor-version":[{"id":412,"href":"https:\/\/bodden-haus.de\/index.php?rest_route=\/wp\/v2\/pages\/119\/revisions\/412"}],"wp:attachment":[{"href":"https:\/\/bodden-haus.de\/index.php?rest_route=%2Fwp%2Fv2%2Fmedia&parent=119"}],"curies":[{"name":"wp","href":"https:\/\/api.w.org\/{rel}","templated":true}]}}