{"id":122,"date":"2014-06-28T03:36:55","date_gmt":"2014-06-28T01:36:55","guid":{"rendered":"https:\/\/bodden-haus.de\/?page_id=122"},"modified":"2025-09-21T12:07:28","modified_gmt":"2025-09-21T10:07:28","slug":"ausstattung","status":"publish","type":"page","link":"https:\/\/bodden-haus.de\/?page_id=122","title":{"rendered":"Ausstattung"},"content":{"rendered":"<div style=\"text-align: left;\"><b>Ferienhaus<\/b><br \/>\nf\u00fcr 2 &#8211; 6 Personen, 96 qm<\/div>\n<div>Geeignet f\u00fcr Allergiker<\/div>\n<div style=\"text-align: left;\">&nbsp;<\/div>\n<div style=\"text-align: left;\"><b>Ausstattungsmerkmale:<\/b> &nbsp;&nbsp;<\/p>\n<ul>\n<li>Qualit\u00e4tsstandard <img decoding=\"async\" src=\"https:\/\/bodden-haus.de\/wp-content\/gallery\/bilder\/stern.gif\" alt=\"Stern 1\/4\" width=\"25\" border=\"0\">&nbsp; <img decoding=\"async\" src=\"https:\/\/bodden-haus.de\/wp-content\/gallery\/bilder\/stern.gif\" alt=\"Stern 2\/4\" width=\"25\" border=\"0\">&nbsp; <img decoding=\"async\" src=\"https:\/\/bodden-haus.de\/wp-content\/gallery\/bilder\/stern.gif\" alt=\"Stern 3\/4\" width=\"25\" border=\"0\"> <img decoding=\"async\" src=\"https:\/\/bodden-haus.de\/wp-content\/gallery\/bilder\/stern.gif\" alt=\"Stern 4\/4\" width=\"25\" border=\"0\"><\/li>\n<li>haustierfrei<\/li>\n<li>gro\u00dfes Grundst\u00fcck<\/li>\n<li>direkt am Bodden<\/li>\n<li>ruhige Lage<\/li>\n<li>2 Parkpl\u00e4tze<\/li>\n<li>4 Fahrr\u00e4der, davon 2 E-Bikes, Kindersitz<\/li>\n<li>Babybett mit Bettzeug<\/li>\n<li>Nichtraucherhaus<\/li>\n<li>Bettw\u00e4sche und Handt\u00fccher<\/li>\n<li>W-Lan<\/li>\n<\/ul>\n<p>&nbsp;<\/p>\n<p><b>Erdgeschoss:<\/b><\/p>\n<ul>\n<li>1 Schlafzimmer mit Doppelbett, 1 Schlafzimmer mit zwei Einzelbetten<\/li>\n<li>Badezimmer mit Dusche, WC, Waschmaschine, Sauna<\/li>\n<li>K\u00fcche mit Geschirrsp\u00fcler,&nbsp; Backofen, Mikrowelle, Kaffeemaschine usw.<\/li>\n<li>separate Toilette<\/li>\n<li>Abstellraum f\u00fcr Terrassenm\u00f6bel<\/li>\n<\/ul>\n<p><img decoding=\"async\" src=\"https:\/\/bodden-haus.de\/wp-content\/gallery\/bilder\/grundriss_eg.gif\" alt=\"Grundriss EG\" border=\"0\"><\/p>\n<p>&nbsp;<\/p>\n<p><b>Obergeschoss:<\/b><\/p>\n<ul>\n<li>Schlafzimmer mit Doppelbett<\/li>\n<li>Badezimmer mit Dusche, WC<\/li>\n<li>Wohnzimmer mit gem\u00fctlicher Sofaecke, Smart-TV<\/li>\n<li>Balkon<\/li>\n<\/ul>\n<p><img decoding=\"async\" src=\"https:\/\/bodden-haus.de\/wp-content\/gallery\/bilder\/grundriss_og.gif\" alt=\"Grundriss OG\" border=\"0\"><\/p>\n<\/div>\n","protected":false},"excerpt":{"rendered":"<p>Ferienhaus f\u00fcr 2 &#8211; 6 Personen, 96 qm Geeignet f\u00fcr Allergiker &nbsp; Ausstattungsmerkmale: &nbsp;&nbsp; Qualit\u00e4tsstandard &nbsp; &nbsp; haustierfrei gro\u00dfes Grundst\u00fcck direkt am Bodden ruhige Lage 2 Parkpl\u00e4tze 4 Fahrr\u00e4der, davon 2 E-Bikes, Kindersitz Babybett mit Bettzeug Nichtraucherhaus Bettw\u00e4sche und Handt\u00fccher W-Lan &nbsp; Erdgeschoss: 1 Schlafzimmer mit Doppelbett, 1 Schlafzimmer mit zwei Einzelbetten Badezimmer mit Dusche, &hellip; <a href=\"https:\/\/bodden-haus.de\/?page_id=122\" class=\"more-link\"><span class=\"screen-reader-text\">Ausstattung<\/span> weiterlesen <span class=\"meta-nav\">&rarr;<\/span><\/a><\/p>\n","protected":false},"author":1,"featured_media":0,"parent":0,"menu_order":1,"comment_status":"closed","ping_status":"closed","template":"","meta":{"ngg_post_thumbnail":0,"footnotes":""},"class_list":["post-122","page","type-page","status-publish","hentry"],"_links":{"self":[{"href":"https:\/\/bodden-haus.de\/index.php?rest_route=\/wp\/v2\/pages\/122","targetHints":{"allow":["GET"]}}],"collection":[{"href":"https:\/\/bodden-haus.de\/index.php?rest_route=\/wp\/v2\/pages"}],"about":[{"href":"https:\/\/bodden-haus.de\/index.php?rest_route=\/wp\/v2\/types\/page"}],"author":[{"embeddable":true,"href":"https:\/\/bodden-haus.de\/index.php?rest_route=\/wp\/v2\/users\/1"}],"replies":[{"embeddable":true,"href":"https:\/\/bodden-haus.de\/index.php?rest_route=%2Fwp%2Fv2%2Fcomments&post=122"}],"version-history":[{"count":16,"href":"https:\/\/bodden-haus.de\/index.php?rest_route=\/wp\/v2\/pages\/122\/revisions"}],"predecessor-version":[{"id":447,"href":"https:\/\/bodden-haus.de\/index.php?rest_route=\/wp\/v2\/pages\/122\/revisions\/447"}],"wp:attachment":[{"href":"https:\/\/bodden-haus.de\/index.php?rest_route=%2Fwp%2Fv2%2Fmedia&parent=122"}],"curies":[{"name":"wp","href":"https:\/\/api.w.org\/{rel}","templated":true}]}}