{"id":5,"date":"2014-06-28T01:31:44","date_gmt":"2014-06-27T23:31:44","guid":{"rendered":"https:\/\/bodden-haus.de\/?page_id=5"},"modified":"2023-09-05T20:28:45","modified_gmt":"2023-09-05T18:28:45","slug":"startseite","status":"publish","type":"page","link":"https:\/\/bodden-haus.de\/","title":{"rendered":"Herzlich Willkommen"},"content":{"rendered":"<h3>Fuhlendorf &#8211;<\/h3>\n<h3>Ein Kleinod an der Vorpommerschen Boddenk\u00fcste<\/h3>\n<p>Das Besondere an diesem sch\u00f6nen Ferienhaus ist die einzigartige Lage direkt am Wasser auf einem gro\u00dfz\u00fcgigen Grundst\u00fcck. Direkt am Bodstedter Bodden gelegen haben Sie aus dem Wohnzimmer im ersten Stock einen unvergleichlichen Blick auf die Boddenlandschaft.<\/p>\n<p>Das Haus ist f\u00fcr bis zu sechs Personen konzipiert, hat drei Schlafzimmer, zwei B\u00e4der, Sauna, Terrasse und Balkon. Selbstverst\u00e4ndlich ist das Haus mit einem WLAN-Anschluss ausgestattet und verf\u00fcgt \u00fcber eine komplett eingerichtete K\u00fcche.<\/p>\n<p>Es bieten sich viele M\u00f6glichkeiten &#8211; auch mit den vorhandenen vier Fahrr\u00e4dern &#8211; die reizvolle und vielf\u00e4ltige Landschaft zu erkunden. Durchg\u00e4ngig ist die Ostsee auf Fahrradwegen zu erreichen. Im Sommerhalbjahr bieten F\u00e4hrverbindungen auf dem Bodden nach Prerow, Born und Ahrenshoop eine entspannte und informative Alternative zur Ostsee und ihren Strandb\u00e4dern.<\/p>\n<p>Auf Entdeckungstour kann man sich in den Fuhlendorfer Wald begeben, wo ein interessanter Familienerlebnispfad Auskunft \u00fcber den Wald und seine Tiere gibt.<\/p>\n<p>Eine Fleischerei und ein Dorfladen f\u00fcr die Grundversorgung sind in 200m bzw. 300m N\u00e4he. Gastst\u00e4tten und Restaurants sind ebenfalls vor Ort.<\/p>\n<p>Zwei flache Badestr\u00e4nde am Bodden &#8211; ideal f\u00fcr Familien mit kleinen Kindern &#8211; befinden sich in der N\u00e4he.<\/p>\n<h3>Lassen Sie die Seele baumeln &#8211; f\u00fchlen Sie sich wohl &#8211; und entspannen Sie in unserem Haus am Bodden<\/h3>\n<p>&nbsp;<\/p>\n","protected":false},"excerpt":{"rendered":"<p>Fuhlendorf &#8211; Ein Kleinod an der Vorpommerschen Boddenk\u00fcste Das Besondere an diesem sch\u00f6nen Ferienhaus ist die einzigartige Lage direkt am Wasser auf einem gro\u00dfz\u00fcgigen Grundst\u00fcck. Direkt am Bodstedter Bodden gelegen haben Sie aus dem Wohnzimmer im ersten Stock einen unvergleichlichen Blick auf die Boddenlandschaft. Das Haus ist f\u00fcr bis zu sechs Personen konzipiert, hat drei &hellip; <a href=\"https:\/\/bodden-haus.de\/\" class=\"more-link\"><span class=\"screen-reader-text\">Herzlich Willkommen<\/span> weiterlesen <span class=\"meta-nav\">&rarr;<\/span><\/a><\/p>\n","protected":false},"author":1,"featured_media":0,"parent":0,"menu_order":0,"comment_status":"closed","ping_status":"closed","template":"","meta":{"ngg_post_thumbnail":0,"footnotes":""},"class_list":["post-5","page","type-page","status-publish","hentry"],"_links":{"self":[{"href":"https:\/\/bodden-haus.de\/index.php?rest_route=\/wp\/v2\/pages\/5","targetHints":{"allow":["GET"]}}],"collection":[{"href":"https:\/\/bodden-haus.de\/index.php?rest_route=\/wp\/v2\/pages"}],"about":[{"href":"https:\/\/bodden-haus.de\/index.php?rest_route=\/wp\/v2\/types\/page"}],"author":[{"embeddable":true,"href":"https:\/\/bodden-haus.de\/index.php?rest_route=\/wp\/v2\/users\/1"}],"replies":[{"embeddable":true,"href":"https:\/\/bodden-haus.de\/index.php?rest_route=%2Fwp%2Fv2%2Fcomments&post=5"}],"version-history":[{"count":11,"href":"https:\/\/bodden-haus.de\/index.php?rest_route=\/wp\/v2\/pages\/5\/revisions"}],"predecessor-version":[{"id":352,"href":"https:\/\/bodden-haus.de\/index.php?rest_route=\/wp\/v2\/pages\/5\/revisions\/352"}],"wp:attachment":[{"href":"https:\/\/bodden-haus.de\/index.php?rest_route=%2Fwp%2Fv2%2Fmedia&parent=5"}],"curies":[{"name":"wp","href":"https:\/\/api.w.org\/{rel}","templated":true}]}}